{"id":8,"date":"2011-01-17T14:42:52","date_gmt":"2011-01-17T13:42:52","guid":{"rendered":"http:\/\/www.eperjesetterem.hu"},"modified":"2026-04-09T18:45:59","modified_gmt":"2026-04-09T17:45:59","slug":"heti-menu","status":"publish","type":"page","link":"https:\/\/www.eperjesetterem.hu\/index.php\/heti-menu\/","title":{"rendered":"Heti men\u00fc 1800.-\/adag"},"content":{"rendered":"\n<p style=\"text-align: center; font-weight: 800; text-decoration: underline; margin-bottom: -1.5rem;\">\nH\u00e9tf\u0151 \u2013 2026. \u00c1prilis 13.\n<\/p>\n\n\n\n<div class=\"a-menu\">\n<h3>&#8220;A&#8221; men\u00fc<\/h3>\n<h2>Lebbencsleves &nbsp;<\/h2>\n<h2>M\u00e1kos t\u00e9szta &nbsp;<\/h2>\n<\/div>\n\n\n\n<div class=\"b-menu\">\n<h3>&#8220;B&#8221; men\u00fc <\/h3>\n<h2>Lebbencsleves &nbsp;<\/h2>\n<h2>Szecsuani csirke rizs &nbsp;<\/h2>\n<\/div>\n\n\n\n<p style=\"text-align: center; font-weight: 800; text-decoration: underline; margin-top: 10rem; margin-bottom: -1.5rem;\">\nKedd \u2013 2026. \u00c1prilis 14.\n<\/p>\n\n\n\n<div class=\"a-menu\">\n<h3>&#8220;A&#8221; men\u00fc<\/h3>\n<h2>Guly\u00e1sleves &nbsp;<\/h2>\n<h2>Lecs\u00f3s szelet tarhonya &nbsp;<\/h2>\n<\/div>\n\n\n\n<div class=\"b-menu\">\n<h3>&#8220;B&#8221; men\u00fc<\/h3>\n<h2>Guly\u00e1sleves &nbsp;<\/h2>\n<h2>T\u00far\u00f3s derelye&nbsp;<\/h2>\n<\/div>\n\n\n\n<p style=\"text-align: center; font-weight: 800; text-decoration: underline; margin-top: 10rem; margin-bottom: -1.5rem;\">\nSzerda \u2013 2026. \u00c1prilis 15.\n<\/p>\n\n\n\n<div class=\"a-menu\">\n<h3>&#8220;A&#8221; men\u00fc<\/h3>\n<h2>Csontleves &nbsp;<\/h2>\n<h2>Kelk\u00e1posztaf\u0151zel\u00e9k sert\u00e9s p\u00f6rk\u00f6lt&nbsp;<\/h2>\n<\/div>\n\n\n\n<div class=\"b-menu\">\n<h3>&#8220;B&#8221; men\u00fc<\/h3>\n<h2>Csontleves &nbsp;<\/h2>\n<h2>Roston csirke rizs sajtm\u00e1rt\u00e1s&nbsp;<\/h2>\n<\/div>\n\n\n\n<p style=\"text-align: center; font-weight: 800; text-decoration: underline; margin-top: 10rem; margin-bottom: -1.5rem;\">\nCs\u00fct\u00f6rt\u00f6k &#8211; 2026. \u00c1prilis 16.\n<\/p>\n\n\n\n<div class=\"a-menu\">\n<h3>&#8220;A&#8221; men\u00fc<\/h3>\n<h2>Z\u00f6ldbors\u00f3leves &nbsp;<\/h2>\n<h2>K\u00e1poszt\u00e1s sztrapacska &nbsp;<\/h2>\n<\/div>\n\n\n\n<div class=\"b-menu\">\n<h3>&#8220;B&#8221; men\u00fc<\/h3>\n<h2>Z\u00f6ldbors\u00f3leves&nbsp;<\/h2>\n<h2>R\u00e1ntott sajt rizi-bizi&nbsp;<\/h2>\n<\/div>\n\n\n\n<p style=\"text-align: center; font-weight: 800; text-decoration: underline; margin-top: 10rem; margin-bottom: -1.5rem;\">\nP\u00e9ntek &#8211; 2026. \u00c1prilis 17.\n<\/p>\n\n\n\n<div class=\"a-menu\">\n<h3>&#8220;A&#8221; men\u00fc<\/h3>\n<h2>Tejf\u00f6l\u00f6s burgonyaleves &nbsp;<\/h2>\n<h2>Kaka\u00f3s csiga &nbsp;<\/h2>\n<\/div>\n\n\n\n<div class=\"b-menu\">\n<h3>&#8220;B&#8221; men\u00fc<\/h3>\n<h2>Tejf\u00f6l\u00f6s burgonyaleves &nbsp;<\/h2>\n<h2>Budapest szelet rizs &nbsp;<\/h2>\n<br>\n<p>Az eb\u00e9d \u00e1ra: 1800.-\/adag, leves n\u00e9lk\u00fcl: 1350.-\/adag<br>Eb\u00e9drendel\u00e9s\u00fcket el\u0151z\u0151 nap 15 \u00f3r\u00e1ig fogadjuk!!!<\/p>\n<\/div>\n","protected":false},"excerpt":{"rendered":"<p>H\u00e9tf\u0151 \u2013 2026. \u00c1prilis 13. &#8220;A&#8221; men\u00fc Lebbencsleves &nbsp; M\u00e1kos t\u00e9szta &nbsp; &#8220;B&#8221; men\u00fc Lebbencsleves &nbsp; Szecsuani csirke rizs &nbsp; Kedd \u2013 2026. \u00c1prilis 14. &#8220;A&#8221; men\u00fc Guly\u00e1sleves &nbsp; Lecs\u00f3s szelet tarhonya &nbsp; &#8220;B&#8221; men\u00fc Guly\u00e1sleves &nbsp; T\u00far\u00f3s derelye&nbsp; Szerda \u2013 2026. \u00c1prilis 15. &#8220;A&#8221; men\u00fc Csontleves &nbsp; Kelk\u00e1posztaf\u0151zel\u00e9k sert\u00e9s p\u00f6rk\u00f6lt&nbsp; &#8220;B&#8221; men\u00fc Csontleves &nbsp; [&hellip;]<\/p>\n","protected":false},"author":1,"featured_media":0,"parent":0,"menu_order":1,"comment_status":"closed","ping_status":"closed","template":"","meta":[],"_links":{"self":[{"href":"https:\/\/www.eperjesetterem.hu\/index.php\/wp-json\/wp\/v2\/pages\/8"}],"collection":[{"href":"https:\/\/www.eperjesetterem.hu\/index.php\/wp-json\/wp\/v2\/pages"}],"about":[{"href":"https:\/\/www.eperjesetterem.hu\/index.php\/wp-json\/wp\/v2\/types\/page"}],"author":[{"embeddable":true,"href":"https:\/\/www.eperjesetterem.hu\/index.php\/wp-json\/wp\/v2\/users\/1"}],"replies":[{"embeddable":true,"href":"https:\/\/www.eperjesetterem.hu\/index.php\/wp-json\/wp\/v2\/comments?post=8"}],"version-history":[{"count":917,"href":"https:\/\/www.eperjesetterem.hu\/index.php\/wp-json\/wp\/v2\/pages\/8\/revisions"}],"predecessor-version":[{"id":1638,"href":"https:\/\/www.eperjesetterem.hu\/index.php\/wp-json\/wp\/v2\/pages\/8\/revisions\/1638"}],"wp:attachment":[{"href":"https:\/\/www.eperjesetterem.hu\/index.php\/wp-json\/wp\/v2\/media?parent=8"}],"curies":[{"name":"wp","href":"https:\/\/api.w.org\/{rel}","templated":true}]}}