{"id":2,"date":"2010-12-04T14:17:23","date_gmt":"2010-12-04T14:17:23","guid":{"rendered":"http:\/\/eperjesetterem.bsdnet.hu\/?page_id=2"},"modified":"2024-09-13T05:43:49","modified_gmt":"2024-09-13T04:43:49","slug":"nyitolap","status":"publish","type":"page","link":"https:\/\/www.eperjesetterem.hu\/","title":{"rendered":"Nyit\u00f3lap"},"content":{"rendered":"\n<div class=\"wp-container-4 wp-block-group\"><div class=\"wp-block-group__inner-container\">\n<div class=\"wp-container-3 wp-block-columns\">\n<div class=\"wp-container-2 wp-block-column\" style=\"flex-basis:100%\">\n<div class=\"wp-container-1 wp-block-group\"><div class=\"wp-block-group__inner-container\"><div class=\"wp-block-image\">\n<figure class=\"aligncenter size-full\"><a href=\"http:\/\/www.eperjesetterem.hu\/wp-content\/uploads\/2022\/10\/etel-2-1.jpg\"><img loading=\"lazy\" width=\"490\" height=\"290\" src=\"http:\/\/www.eperjesetterem.hu\/wp-content\/uploads\/2022\/10\/etel-2-1.jpg\" alt=\"\" class=\"wp-image-1001\" srcset=\"https:\/\/www.eperjesetterem.hu\/wp-content\/uploads\/2022\/10\/etel-2-1.jpg 490w, https:\/\/www.eperjesetterem.hu\/wp-content\/uploads\/2022\/10\/etel-2-1-300x178.jpg 300w\" sizes=\"(max-width: 490px) 100vw, 490px\" \/><\/a><\/figure><\/div><\/div><\/div>\n<\/div>\n<\/div>\n<\/div><\/div>\n\n\n\n<p>\u00c9tterm\u00fcnk Ny\u00edregyh\u00e1z\u00e1n a J\u00f3sav\u00e1ros sz\u00edv\u00e9ben tal\u00e1lhat\u00f3. 1976 \u00f3ta, csal\u00e1dunk 1993 \u00f3ta \u00fczemelteti. \u00c9tterm\u00fcnk meg\u00fajult k\u00f6rnyezetben v\u00e1rja r\u00e9gi \u00e9s \u00faj vend\u00e9geit, magyaros, h\u00e1zias \u00edzzekkel t\u00e1jjeleg\u00fc \u00e9telek k\u00edn\u00e1lat\u00e1val.<\/p>\n\n\n\n<p>Hetente v\u00e1ltoz\u00f3 men\u00fcnket kedvez\u0151 \u00e1ron kin\u00e1ljuk, gyors \u00e9s sz\u00ednvonalas kiszolg\u00e1l\u00e1ssal.<\/p>\n\n\n\n<p>Specialit\u00e1saink k\u00f6z\u00e9 tartozik a ny\u00edrs\u00e9gi t\u00f6lt\u00f6tt k\u00e1poszta \u00e9s az \u00edzletes mahap\u00f6rk\u00f6lt t\u00far\u00f3s sztrapacsk\u00e1val.<\/p>\n\n\n\n<p>V\u00e1llalunk esk\u00fcv\u0151k, bankettek, bar\u00e1ti- csal\u00e1di \u00f6sszej\u00f6vetelek lebonyol\u00edt\u00e1s\u00e1t hidegt\u00e1lak k\u00e9szit\u00e9s\u00e9t.<\/p>\n\n\n\n<p>NYITVATART\u00c1S: H: Z\u00c1RVA <\/p>\n\n\n\n<p>K-CS: 11:00-15:00 P-SZ: 11:00-15:00<\/p>\n\n\n\n<p>V: 11:00-15:00<\/p>\n\n\n\n<p><\/p>\n","protected":false},"excerpt":{"rendered":"<p>\u00c9tterm\u00fcnk Ny\u00edregyh\u00e1z\u00e1n a J\u00f3sav\u00e1ros sz\u00edv\u00e9ben tal\u00e1lhat\u00f3. 1976 \u00f3ta, csal\u00e1dunk 1993 \u00f3ta \u00fczemelteti. \u00c9tterm\u00fcnk meg\u00fajult k\u00f6rnyezetben v\u00e1rja r\u00e9gi \u00e9s \u00faj vend\u00e9geit, magyaros, h\u00e1zias \u00edzzekkel t\u00e1jjeleg\u00fc \u00e9telek k\u00edn\u00e1lat\u00e1val. Hetente v\u00e1ltoz\u00f3 men\u00fcnket kedvez\u0151 \u00e1ron kin\u00e1ljuk, gyors \u00e9s sz\u00ednvonalas kiszolg\u00e1l\u00e1ssal. Specialit\u00e1saink k\u00f6z\u00e9 tartozik a ny\u00edrs\u00e9gi t\u00f6lt\u00f6tt k\u00e1poszta \u00e9s az \u00edzletes mahap\u00f6rk\u00f6lt t\u00far\u00f3s sztrapacsk\u00e1val. V\u00e1llalunk esk\u00fcv\u0151k, bankettek, bar\u00e1ti- csal\u00e1di \u00f6sszej\u00f6vetelek [&hellip;]<\/p>\n","protected":false},"author":1,"featured_media":0,"parent":0,"menu_order":0,"comment_status":"closed","ping_status":"closed","template":"","meta":[],"_links":{"self":[{"href":"https:\/\/www.eperjesetterem.hu\/index.php\/wp-json\/wp\/v2\/pages\/2"}],"collection":[{"href":"https:\/\/www.eperjesetterem.hu\/index.php\/wp-json\/wp\/v2\/pages"}],"about":[{"href":"https:\/\/www.eperjesetterem.hu\/index.php\/wp-json\/wp\/v2\/types\/page"}],"author":[{"embeddable":true,"href":"https:\/\/www.eperjesetterem.hu\/index.php\/wp-json\/wp\/v2\/users\/1"}],"replies":[{"embeddable":true,"href":"https:\/\/www.eperjesetterem.hu\/index.php\/wp-json\/wp\/v2\/comments?post=2"}],"version-history":[{"count":29,"href":"https:\/\/www.eperjesetterem.hu\/index.php\/wp-json\/wp\/v2\/pages\/2\/revisions"}],"predecessor-version":[{"id":1395,"href":"https:\/\/www.eperjesetterem.hu\/index.php\/wp-json\/wp\/v2\/pages\/2\/revisions\/1395"}],"wp:attachment":[{"href":"https:\/\/www.eperjesetterem.hu\/index.php\/wp-json\/wp\/v2\/media?parent=2"}],"curies":[{"name":"wp","href":"https:\/\/api.w.org\/{rel}","templated":true}]}}