{"id":10,"date":"2011-01-17T14:44:44","date_gmt":"2011-01-17T13:44:44","guid":{"rendered":"http:\/\/www.eperjesetterem.hu"},"modified":"2025-01-07T11:24:21","modified_gmt":"2025-01-07T10:24:21","slug":"etlap","status":"publish","type":"page","link":"https:\/\/www.eperjesetterem.hu\/index.php\/etlap\/","title":{"rendered":"\u00c9tlap"},"content":{"rendered":"<p style=\"text-align: center;\"><strong>Tisztelt l\u00e1togat\u00f3k!<\/strong><\/p>\n<p style=\"text-align: center;\">\u00c9tlapunkr\u00f3l tov\u00e1bbra is rendelhetnek!<\/p>\n<p style=\"text-align: center;\">+36\/30\/4785350<br \/>\n+36\/42\/595-376<\/p>\n<p style=\"text-align: center;\">NYITVATART\u00c1S:<\/p>\n<p style=\"text-align: center;\">H\u00e9tf\u0151: Z\u00c1RVA<br \/>\nKedd-Vas\u00e1rnap: 11:00-15:00<\/p>\n<h2>Levesek<\/h2>\n<h3 style=\"padding-left: 40px;\">Csontleves c\u00e9rnamet\u00e9lttel 700.-<\/h3>\n<h3 style=\"padding-left: 40px;\">H\u00fasleves f\u0151tt h\u00fassal 1050.-<\/h3>\n<h3 style=\"padding-left: 40px;\">\u00dajh\u00e1zi ty\u00fakh\u00fas leves 1050.-<\/h3>\n<h3 style=\"padding-left: 40px;\">J\u00f3kai bableves 1400.-<\/h3>\n<h3 style=\"padding-left: 40px;\">T\u00e1rkonyos raguleves 600.-<\/h3>\n<h2>Sz\u00e1rnyas Frissens\u00fcltek<\/h2>\n<h3 style=\"padding-left: 40px;\">R\u00e1ntott csirkemell 2100.-<\/h3>\n<h3 style=\"padding-left: 40px;\">Sonk\u00e1val, sajttal t\u00f6lt\u00f6tt csirkemellfil\u00e9 r\u00e1ntva 2400.-<\/h3>\n<h3 style=\"padding-left: 40px;\">Csirkemellfil\u00e9 roston 2100.-<\/h3>\n<h3 style=\"padding-left: 40px;\">Aszalt szilv\u00e1val t\u00f6lt\u00f6tt csirkemellfil\u00e9 r\u00e1ntva 2400.-<\/h3>\n<h3>\u00a0 \u00a0Kijevi csirkemell 2400.-<\/h3>\n<h3>\u00a0 \u00a0Brass\u00f3i csirkemell 2100.-<\/h3>\n<p>(\u00e1raink a k\u00f6ret \u00e1r\u00e1t nem tartalmazz\u00e1k!)<\/p>\n<h2>Sert\u00e9s frissens\u00fcltek<\/h2>\n<h3 style=\"padding-left: 40px;\">R\u00e1ntott sert\u00e9sborda 2100.-<\/h3>\n<h3 style=\"padding-left: 40px;\">P\u00e1rizsi sert\u00e9sszelet 2100.-<\/h3>\n<h3 style=\"padding-left: 40px;\">Cig\u00e1nypecsenye k\u00f6r\u00edtve 2100.-<\/h3>\n<h3 style=\"padding-left: 40px;\">Brass\u00f3i apr\u00f3pecsenye 2100.-<\/h3>\n<h3>\u00a0 \u00a0Angyalszelet 2400.-<\/h3>\n<h3>\u00a0 \u00a0Sert\u00e9s flekken Eperjes m\u00f3dra 2600.-<\/h3>\n<p>(\u00e1raink a k\u00f6ret \u00e1r\u00e1t nem tartalmazz\u00e1k!)<\/p>\n<h2>H\u00e1zi k\u00fcl\u00f6nlegess\u00e9gek<\/h2>\n<h3 style=\"padding-left: 40px;\">Lapcs\u00e1nka 350.-<\/h3>\n<h3 style=\"padding-left: 40px;\">Juh\u00e1sz lapcs\u00e1nka 1800.-<\/h3>\n<h2>2 szem\u00e9lyes t\u00e1lak<\/h2>\n<h3 style=\"padding-left: 40px;\">B\u0151s\u00e9g t\u00e1l\u00a0 \/r\u00e1ntott csirkemellfil\u00e9, p\u00e1rizsi szelet, r\u00e1ntott sert\u00e9sborda, sert\u00e9s flekken,r\u00e1ntott sajt, lapcs\u00e1nka,p\u00e1rolt rizs, has\u00e1bburgonya, kakastar\u00e9j\/ 6000.-<\/h3>\n<h3 style=\"padding-left: 40px;\">Eperjes t\u00e1l\u00a0 \/r\u00e1ntott csirkemell, p\u00e1rizsicsirkemell, roston csirkemell, r\u00e1ntott gomba, r\u00e1ntott sajt, has\u00e1bburgonya, p\u00e1rolt rizs, z\u00f6ldk\u00f6ret\/ 6000.-<\/h3>\n<h3 style=\"padding-left: 40px;\">Bund\u00e1s t\u00e1l \/sonk\u00e1val \u00e9s sajttal t\u00f6lt\u00f6tt csirkemell, sert\u00e9s p\u00e1rizsi, borzas csirkemell, r\u00e1ntott karfiol, r\u00e1ntott sajt, steak burgonya, p\u00e1rolt rizs\/ 6000.-<\/h3>\n<h3 style=\"padding-left: 40px;\">4 szem\u00e9lyes B\u0151s\u00e9gt\u00e1l \/2 Sonk\u00e1val-sajttal t\u00f6lt\u00f6tt csirkemell, 2 r\u00e1ntott borda,2 sert\u00e9sflekken,2 p\u00e1rizsi csirkemell,2 r\u00e1ntott sajt,2 r\u00e1ntott karfiol,2 lapcs\u00e1nka,2 steak burgonya,2 p\u00e1rolt rizs\/ 13000.-<\/h3>\n<h2>K\u00f6retek:<\/h2>\n<h3 style=\"padding-left: 40px;\">Has\u00e1bburgonya 600.-<\/h3>\n<h3 style=\"padding-left: 40px;\">Petrezselymes burgonya 600.-<\/h3>\n<h3 style=\"padding-left: 40px;\">Burgonyap\u00fcr\u00e9 600.-<\/h3>\n<h3 style=\"padding-left: 40px;\">Steak burgonya 700.-<\/h3>\n<h3 style=\"padding-left: 40px;\">P\u00e1rolt rizs 600.-<\/h3>\n<h3 style=\"padding-left: 40px;\">Z\u00f6ldk\u00f6ret 600.-<\/h3>\n<h2>\u00d6ntetek:<\/h2>\n<h3 style=\"padding-left: 40px;\">Tart\u00e1r m\u00e1rt\u00e1s 550.-<\/h3>\n<h3 style=\"padding-left: 40px;\"><\/h3>\n<h2>Savany\u00fas\u00e1g:<\/h2>\n<h3 style=\"padding-left: 40px;\">Ecetes paprika 600.-<\/h3>\n<h3 style=\"padding-left: 40px;\">Csemege uborka 600.-<\/h3>\n<h3 style=\"padding-left: 40px;\">H\u00e1zi friss vegyes savany\u00fa 600.-<\/h3>\n<h3>\u00a0 \u00a0Uborka sal\u00e1ta 650.-<\/h3>\n<h3>\u00a0 \u00a0K\u00e1poszta sal\u00e1ta 600.-<\/h3>\n<h2>Desszertek:<\/h2>\n<h3 style=\"padding-left: 40px;\">Palacsinta &#8211; \u00cdzes, kaka\u00f3s \u00e9s t\u00far\u00f3s palacsinta k\u00f6z\u00fcl v\u00e1laszthat. 400.-\/ db<\/h3>\n<h2>Csomagol\u00e1s:<\/h2>\n<h3>Doboz 100.-<\/h3>\n<h3>T\u00e1lca 300.-<\/h3>\n<h3>Szatyor 50.-<\/h3>\n","protected":false},"excerpt":{"rendered":"<p>Tisztelt l\u00e1togat\u00f3k! \u00c9tlapunkr\u00f3l tov\u00e1bbra is rendelhetnek! +36\/30\/4785350 +36\/42\/595-376 NYITVATART\u00c1S: H\u00e9tf\u0151: Z\u00c1RVA Kedd-Vas\u00e1rnap: 11:00-15:00 Levesek Csontleves c\u00e9rnamet\u00e9lttel 700.- H\u00fasleves f\u0151tt h\u00fassal 1050.- \u00dajh\u00e1zi ty\u00fakh\u00fas leves 1050.- J\u00f3kai bableves 1400.- T\u00e1rkonyos raguleves 600.- Sz\u00e1rnyas Frissens\u00fcltek R\u00e1ntott csirkemell 2100.- Sonk\u00e1val, sajttal t\u00f6lt\u00f6tt csirkemellfil\u00e9 r\u00e1ntva 2400.- Csirkemellfil\u00e9 roston 2100.- Aszalt szilv\u00e1val t\u00f6lt\u00f6tt csirkemellfil\u00e9 r\u00e1ntva 2400.- \u00a0 \u00a0Kijevi csirkemell 2400.- [&hellip;]<\/p>\n","protected":false},"author":1,"featured_media":0,"parent":0,"menu_order":2,"comment_status":"closed","ping_status":"closed","template":"","meta":[],"_links":{"self":[{"href":"https:\/\/www.eperjesetterem.hu\/index.php\/wp-json\/wp\/v2\/pages\/10"}],"collection":[{"href":"https:\/\/www.eperjesetterem.hu\/index.php\/wp-json\/wp\/v2\/pages"}],"about":[{"href":"https:\/\/www.eperjesetterem.hu\/index.php\/wp-json\/wp\/v2\/types\/page"}],"author":[{"embeddable":true,"href":"https:\/\/www.eperjesetterem.hu\/index.php\/wp-json\/wp\/v2\/users\/1"}],"replies":[{"embeddable":true,"href":"https:\/\/www.eperjesetterem.hu\/index.php\/wp-json\/wp\/v2\/comments?post=10"}],"version-history":[{"count":57,"href":"https:\/\/www.eperjesetterem.hu\/index.php\/wp-json\/wp\/v2\/pages\/10\/revisions"}],"predecessor-version":[{"id":1455,"href":"https:\/\/www.eperjesetterem.hu\/index.php\/wp-json\/wp\/v2\/pages\/10\/revisions\/1455"}],"wp:attachment":[{"href":"https:\/\/www.eperjesetterem.hu\/index.php\/wp-json\/wp\/v2\/media?parent=10"}],"curies":[{"name":"wp","href":"https:\/\/api.w.org\/{rel}","templated":true}]}}